{"id":6206,"date":"2023-09-28T17:14:49","date_gmt":"2023-09-28T15:14:49","guid":{"rendered":"https:\/\/tracie.io\/virksomheds-workshops\/"},"modified":"2024-01-25T17:00:31","modified_gmt":"2024-01-25T16:00:31","slug":"virksomheds-workshops","status":"publish","type":"page","link":"https:\/\/tracie.io\/da\/virksomheds-workshops\/","title":{"rendered":"Virksomheds Workshops"},"content":{"rendered":"\n<p>Vi onboarder ledelsen og organisationen i principperne for b\u00e6redygtighed, m\u00e5lene for b\u00e6redygtig udvikling (SDG&#8217;er) og ESG baseret p\u00e5 EU-lovgivningsrammen for CSRD, SFRD, ESRS samt EUs strategi og handlingsplan for en cirkul\u00e6r \u00f8konomi med nye \u00f8kodesignkriterier, udvidet producentansvar (EPR), nye v\u00e6rdik\u00e6der og forretningsmodeller. Indsamling af data, rapportering og ESG-data er ikke m\u00e5let, men derimod foruds\u00e6tningen for at drive \u00e6ndringen mod en b\u00e6redygtig planet. Vi s\u00f8rger for, at ledelse og organisation forst\u00e5r og f\u00e5r fuldt udbytte af de forretningsm\u00e6ssige effekter ved at arbejde med ESG-databehandling.<\/p>\n\n<p>Vi tilbyder virksomhedsspecifik onboarding til store virksomheder, der \u00f8nsker en tilpasset proces til at engagere sig i ESG p\u00e5 et strategisk niveau og til at strukturere ESG-data til intern og ekstern rapportering.<\/p>\n\n<p>Vi tilbyder onboarding\/tr\u00e6ning, hvor 2-3 n\u00f8glemedarbejdere deltager i en 3-dages undervisning og gennemg\u00e5r overgangen, cirkul\u00e6r \u00f8konomi og nye markedsforhold baseret p\u00e5 ESG-data, nye forretningsmodeller og nye produkter. Her opbygger vi den f\u00f8rste version af jeres ESG data mapping. Der er plads til 5-7 virksomheder og max 20 personer i et undervisningsforl\u00f8b, hvor netv\u00e6rk med andre, der er p\u00e5 vej mod b\u00e6redygtighed og indg\u00e5ende arbejde med ESG, er en vigtig del af det.<\/p>\n\n<p>Vi tilbyder en 1-dags indf\u00f8ring i, hvad ESG-data indeb\u00e6rer. Kurset er for dem, der \u00f8nsker indsigt i de rapporteringskrav, der er lovpligtige samt hvordan man kortl\u00e6gger relevante ESG-data.<\/p>\n\n<p>Alle onboarding-processer vil omfatte:<\/p>\n\n<ul class=\"wp-block-list\">\n<li>Pr\u00e6sentation af lovgivningsm\u00e6ssige rammer for rapportering.<\/li>\n\n\n\n<li>GAP-analyse<\/li>\n\n\n\n<li>Kortl\u00e6gning af ESG-data til fremtidig dataindsamling.<\/li>\n\n\n\n<li>Grundig introduktion til Tracie &#8211; ESG-platformen.<\/li>\n<\/ul>\n","protected":false},"excerpt":{"rendered":"<p>Vi onboarder ledelsen og organisationen i principperne for b\u00e6redygtighed, m\u00e5lene for b\u00e6redygtig udvikling (SDG&#8217;er) og ESG baseret p\u00e5 EU-lovgivningsrammen for CSRD, SFRD, ESRS samt EUs strategi og handlingsplan for en cirkul\u00e6r \u00f8konomi med nye \u00f8kodesignkriterier, udvidet producentansvar (EPR), nye v\u00e6rdik\u00e6der og forretningsmodeller. Indsamling af data, rapportering og ESG-data er ikke m\u00e5let, men derimod foruds\u00e6tningen for [&hellip;]<\/p>\n","protected":false},"author":2,"featured_media":0,"parent":0,"menu_order":4,"comment_status":"closed","ping_status":"closed","template":"","meta":{"_acf_changed":false,"footnotes":""},"categories":[25],"tags":[],"class_list":["post-6206","page","type-page","status-publish","hentry","category-ydelser"],"acf":[],"_links":{"self":[{"href":"https:\/\/tracie.io\/da\/wp-json\/wp\/v2\/pages\/6206","targetHints":{"allow":["GET"]}}],"collection":[{"href":"https:\/\/tracie.io\/da\/wp-json\/wp\/v2\/pages"}],"about":[{"href":"https:\/\/tracie.io\/da\/wp-json\/wp\/v2\/types\/page"}],"author":[{"embeddable":true,"href":"https:\/\/tracie.io\/da\/wp-json\/wp\/v2\/users\/2"}],"replies":[{"embeddable":true,"href":"https:\/\/tracie.io\/da\/wp-json\/wp\/v2\/comments?post=6206"}],"version-history":[{"count":1,"href":"https:\/\/tracie.io\/da\/wp-json\/wp\/v2\/pages\/6206\/revisions"}],"predecessor-version":[{"id":6207,"href":"https:\/\/tracie.io\/da\/wp-json\/wp\/v2\/pages\/6206\/revisions\/6207"}],"wp:attachment":[{"href":"https:\/\/tracie.io\/da\/wp-json\/wp\/v2\/media?parent=6206"}],"wp:term":[{"taxonomy":"category","embeddable":true,"href":"https:\/\/tracie.io\/da\/wp-json\/wp\/v2\/categories?post=6206"},{"taxonomy":"post_tag","embeddable":true,"href":"https:\/\/tracie.io\/da\/wp-json\/wp\/v2\/tags?post=6206"}],"curies":[{"name":"wp","href":"https:\/\/api.w.org\/{rel}","templated":true}]}}