{"id":6208,"date":"2023-09-28T17:29:06","date_gmt":"2023-09-28T15:29:06","guid":{"rendered":"https:\/\/tracie.io\/traening-af-ledelsen\/"},"modified":"2024-01-25T17:06:34","modified_gmt":"2024-01-25T16:06:34","slug":"traening-af-ledelsen","status":"publish","type":"page","link":"https:\/\/tracie.io\/da\/traening-af-ledelsen\/","title":{"rendered":"Tr\u00e6ning af ledelsen"},"content":{"rendered":"\t\t<div data-elementor-type=\"wp-page\" data-elementor-id=\"6208\" class=\"elementor elementor-6208 elementor-5140\" data-elementor-post-type=\"page\">\n\t\t\t\t\t\t<section class=\"elementor-section elementor-top-section elementor-element elementor-element-362907b4 elementor-section-boxed elementor-section-height-default elementor-section-height-default\" data-id=\"362907b4\" data-element_type=\"section\">\n\t\t\t\t\t\t<div class=\"elementor-container elementor-column-gap-default\">\n\t\t\t\t\t<div class=\"elementor-column elementor-col-100 elementor-top-column elementor-element elementor-element-1c5455c1\" data-id=\"1c5455c1\" data-element_type=\"column\">\n\t\t\t<div class=\"elementor-widget-wrap elementor-element-populated\">\n\t\t\t\t\t\t<div class=\"elementor-element elementor-element-5c30abdf elementor-widget elementor-widget-text-editor\" data-id=\"5c30abdf\" data-element_type=\"widget\" data-widget_type=\"text-editor.default\">\n\t\t\t\t<div class=\"elementor-widget-container\">\n\t\t\t\t\t\t\t\t\tVi tilbyder en eksklusiv, virksomhedsspecifik workshop med din virksomheds ledelse og ESG-ansvarlige. Vi vil pr\u00e6sentere din virksomhed for gr\u00f8n og cirkul\u00e6r \u00f8konomi, tilpasset din virksomheds specifikke branche. Vi vil s\u00e6rligt dykke ned i emner som klimatilpasning, cirkul\u00e6r \u00f8konomi og EUs Green Deal-roadmap for et indre gr\u00f8nt marked i 2030.\r\n\r\nDerudover vil du f\u00e5 en indf\u00f8ring i relevante metoder, og vi vil facilitere en workshop omhandlende v\u00e6rdik\u00e6der og dobbeltv\u00e6sentlighedsanalyse, suppleret med en gap-analyse og ESG-datamapping.\r\n\r\nInformation:\r\n\r\n&#8211; 2-3 fulde dags-workshops\r\n&#8211; Afholdes p\u00e5 virksomhedens adresse\r\n&#8211; Inkluderer bogserien &#8220;Gr\u00f8n Omstilling i Virksomheder&#8221; (op til 7 eksemplarer)\r\n&#8211; \u00c5bent for et ubegr\u00e6nset antal deltagere \u2013 vi anbefaler ledelsesteamet samt den\/de ESG-ansvarlige\r\n&#8211; Kontakt os for priser\t\t\t\t\t\t\t\t<\/div>\n\t\t\t\t<\/div>\n\t\t\t\t\t<\/div>\n\t\t<\/div>\n\t\t\t\t\t<\/div>\n\t\t<\/section>\n\t\t\t\t<\/div>\n\t\t","protected":false},"excerpt":{"rendered":"<p>Vi tilbyder en eksklusiv, virksomhedsspecifik workshop med din virksomheds ledelse og ESG-ansvarlige. Vi vil pr\u00e6sentere din virksomhed for gr\u00f8n og cirkul\u00e6r \u00f8konomi, tilpasset din virksomheds specifikke branche. Vi vil s\u00e6rligt dykke ned i emner som klimatilpasning, cirkul\u00e6r \u00f8konomi og EUs Green Deal-roadmap for et indre gr\u00f8nt marked i 2030. Derudover vil du f\u00e5 en indf\u00f8ring [&hellip;]<\/p>\n","protected":false},"author":2,"featured_media":0,"parent":0,"menu_order":5,"comment_status":"closed","ping_status":"closed","template":"","meta":{"_acf_changed":false,"footnotes":""},"categories":[25],"tags":[],"class_list":["post-6208","page","type-page","status-publish","hentry","category-ydelser"],"acf":[],"_links":{"self":[{"href":"https:\/\/tracie.io\/da\/wp-json\/wp\/v2\/pages\/6208","targetHints":{"allow":["GET"]}}],"collection":[{"href":"https:\/\/tracie.io\/da\/wp-json\/wp\/v2\/pages"}],"about":[{"href":"https:\/\/tracie.io\/da\/wp-json\/wp\/v2\/types\/page"}],"author":[{"embeddable":true,"href":"https:\/\/tracie.io\/da\/wp-json\/wp\/v2\/users\/2"}],"replies":[{"embeddable":true,"href":"https:\/\/tracie.io\/da\/wp-json\/wp\/v2\/comments?post=6208"}],"version-history":[{"count":1,"href":"https:\/\/tracie.io\/da\/wp-json\/wp\/v2\/pages\/6208\/revisions"}],"predecessor-version":[{"id":6209,"href":"https:\/\/tracie.io\/da\/wp-json\/wp\/v2\/pages\/6208\/revisions\/6209"}],"wp:attachment":[{"href":"https:\/\/tracie.io\/da\/wp-json\/wp\/v2\/media?parent=6208"}],"wp:term":[{"taxonomy":"category","embeddable":true,"href":"https:\/\/tracie.io\/da\/wp-json\/wp\/v2\/categories?post=6208"},{"taxonomy":"post_tag","embeddable":true,"href":"https:\/\/tracie.io\/da\/wp-json\/wp\/v2\/tags?post=6208"}],"curies":[{"name":"wp","href":"https:\/\/api.w.org\/{rel}","templated":true}]}}