{"id":6210,"date":"2023-09-28T17:29:59","date_gmt":"2023-09-28T15:29:59","guid":{"rendered":"https:\/\/tracie.io\/esg-dashboard\/"},"modified":"2024-01-25T17:08:00","modified_gmt":"2024-01-25T16:08:00","slug":"esg-dashboard","status":"publish","type":"page","link":"https:\/\/tracie.io\/da\/esg-dashboard\/","title":{"rendered":"ESG Dashboard"},"content":{"rendered":"\t\t<div data-elementor-type=\"wp-page\" data-elementor-id=\"6210\" class=\"elementor elementor-6210 elementor-5147\" data-elementor-post-type=\"page\">\n\t\t\t\t\t\t<section class=\"elementor-section elementor-top-section elementor-element elementor-element-d6501e0 elementor-section-boxed elementor-section-height-default elementor-section-height-default\" data-id=\"d6501e0\" data-element_type=\"section\">\n\t\t\t\t\t\t<div class=\"elementor-container elementor-column-gap-default\">\n\t\t\t\t\t<div class=\"elementor-column elementor-col-100 elementor-top-column elementor-element elementor-element-3a014027\" data-id=\"3a014027\" data-element_type=\"column\">\n\t\t\t<div class=\"elementor-widget-wrap elementor-element-populated\">\n\t\t\t\t\t\t<div class=\"elementor-element elementor-element-2082997a elementor-widget elementor-widget-text-editor\" data-id=\"2082997a\" data-element_type=\"widget\" data-widget_type=\"text-editor.default\">\n\t\t\t\t<div class=\"elementor-widget-container\">\n\t\t\t\t\t\t\t\t\t<p>Tracie vol. 1 omfatter Tracie Power BI-dashboardet og en rapporteringspakke. Denne pakke inkluderer ogs\u00e5:<\/p>\n<p>&#8211; Integration af alle virksomhedsspecifikke KPI&#8217;er b\u00e5de i dashboardet og rapporteringspakkerne.<br \/>\n&#8211; Ops\u00e6tning af alle virksomhedsspecifikke dimensioner b\u00e5de i dashboardet og rapporteringspakkerne.<br \/>\n&#8211; Integration i intern rapportering er ikke inkluderet.<\/p>\n<p>Fremtidig migration af data til onlineplatformen Tracie vol. 2 (medio 2024).<\/p>\n<p>Kontakt os for priser.<\/p>\n\t\t\t\t\t\t\t\t<\/div>\n\t\t\t\t<\/div>\n\t\t\t\t\t<\/div>\n\t\t<\/div>\n\t\t\t\t\t<\/div>\n\t\t<\/section>\n\t\t\t\t<\/div>\n\t\t","protected":false},"excerpt":{"rendered":"<p>Tracie vol. 1 omfatter Tracie Power BI-dashboardet og en rapporteringspakke. Denne pakke inkluderer ogs\u00e5: &#8211; Integration af alle virksomhedsspecifikke KPI&#8217;er b\u00e5de i dashboardet og rapporteringspakkerne. &#8211; Ops\u00e6tning af alle virksomhedsspecifikke dimensioner b\u00e5de i dashboardet og rapporteringspakkerne. &#8211; Integration i intern rapportering er ikke inkluderet. Fremtidig migration af data til onlineplatformen Tracie vol. 2 (medio 2024). [&hellip;]<\/p>\n","protected":false},"author":2,"featured_media":0,"parent":0,"menu_order":6,"comment_status":"closed","ping_status":"closed","template":"","meta":{"_acf_changed":false,"footnotes":""},"categories":[25],"tags":[],"class_list":["post-6210","page","type-page","status-publish","hentry","category-ydelser"],"acf":[],"_links":{"self":[{"href":"https:\/\/tracie.io\/da\/wp-json\/wp\/v2\/pages\/6210","targetHints":{"allow":["GET"]}}],"collection":[{"href":"https:\/\/tracie.io\/da\/wp-json\/wp\/v2\/pages"}],"about":[{"href":"https:\/\/tracie.io\/da\/wp-json\/wp\/v2\/types\/page"}],"author":[{"embeddable":true,"href":"https:\/\/tracie.io\/da\/wp-json\/wp\/v2\/users\/2"}],"replies":[{"embeddable":true,"href":"https:\/\/tracie.io\/da\/wp-json\/wp\/v2\/comments?post=6210"}],"version-history":[{"count":1,"href":"https:\/\/tracie.io\/da\/wp-json\/wp\/v2\/pages\/6210\/revisions"}],"predecessor-version":[{"id":6211,"href":"https:\/\/tracie.io\/da\/wp-json\/wp\/v2\/pages\/6210\/revisions\/6211"}],"wp:attachment":[{"href":"https:\/\/tracie.io\/da\/wp-json\/wp\/v2\/media?parent=6210"}],"wp:term":[{"taxonomy":"category","embeddable":true,"href":"https:\/\/tracie.io\/da\/wp-json\/wp\/v2\/categories?post=6210"},{"taxonomy":"post_tag","embeddable":true,"href":"https:\/\/tracie.io\/da\/wp-json\/wp\/v2\/tags?post=6210"}],"curies":[{"name":"wp","href":"https:\/\/api.w.org\/{rel}","templated":true}]}}