{"id":6212,"date":"2023-09-28T17:29:32","date_gmt":"2023-09-28T15:29:32","guid":{"rendered":"https:\/\/tracie.io\/strategisk-support\/"},"modified":"2024-01-25T17:16:21","modified_gmt":"2024-01-25T16:16:21","slug":"strategisk-support","status":"publish","type":"page","link":"https:\/\/tracie.io\/da\/strategisk-support\/","title":{"rendered":"Strategisk Support"},"content":{"rendered":"\t\t<div data-elementor-type=\"wp-page\" data-elementor-id=\"6212\" class=\"elementor elementor-6212 elementor-5142\" data-elementor-post-type=\"page\">\n\t\t\t\t\t\t<section class=\"elementor-section elementor-top-section elementor-element elementor-element-73ffb918 elementor-section-boxed elementor-section-height-default elementor-section-height-default\" data-id=\"73ffb918\" data-element_type=\"section\">\n\t\t\t\t\t\t<div class=\"elementor-container elementor-column-gap-default\">\n\t\t\t\t\t<div class=\"elementor-column elementor-col-100 elementor-top-column elementor-element elementor-element-31740fd0\" data-id=\"31740fd0\" data-element_type=\"column\">\n\t\t\t<div class=\"elementor-widget-wrap elementor-element-populated\">\n\t\t\t\t\t\t<div class=\"elementor-element elementor-element-7999004 elementor-widget elementor-widget-text-editor\" data-id=\"7999004\" data-element_type=\"widget\" data-widget_type=\"text-editor.default\">\n\t\t\t\t<div class=\"elementor-widget-container\">\n\t\t\t\t\t\t\t\t\t<p>Vi mener, at b\u00e6redygtighed og ESG er strategiske emner og ikke l\u00e6ngere blot markedsf\u00f8ring. Virksomheder, der ikke forbereder sig p\u00e5 fremtidige markedsforhold, kundeadf\u00e6rd og lovgivning, risikerer at miste deres license to operate. At skabe \u00e6gte forandring \u00e5bner op for nye forretningsmuligheder, og &#8220;greenwashing&#8221; udg\u00f8r nu en reel risiko for virksomheder. P\u00e5 grund af vores unikke samarbejde mellem Keepers og Centre for Circular Economy kan vi tilbyde strategisk r\u00e5dgivning for at give ledere mulighed for at identificere muligheder og opbygge de datagrundlag, der kr\u00e6ves for at drive den forandring, der g\u00f8r din virksomhed relevant, ogs\u00e5 om 10 \u00e5r.<\/p>\n<p>Manglende engagement i b\u00e6redygtighed og ESG vil betyde, at de fleste virksomheder m\u00e5 dreje n\u00f8glen om inden for ganske f\u00e5 \u00e5r. Vi arbejder i krydsfeltet mellem videnskab, \u00f8konomi, datal\u00f8sninger og robotteknologi og er derfor i stand til at bev\u00e6ge os fra strategi til eksekvering og skabe forandring sammen med vores kunder.<br \/>\nFN&#8217;s klimaprotokol definerede en &#8220;new normal&#8221; med Scope 1, 2 og 3, men i dag arbejder mange virksomheder p\u00e5 at opbygge deres scope 1 og 2, selvom de prim\u00e6re ESG-p\u00e5virkninger er inden for scope 3. Vi hj\u00e6lper virksomheder med at v\u00e6lge og definere deres scope 3-datakilder og knytte dem sammen med eksisterende, tilg\u00e6ngelige databaser.<\/p>\n\t\t\t\t\t\t\t\t<\/div>\n\t\t\t\t<\/div>\n\t\t\t\t\t<\/div>\n\t\t<\/div>\n\t\t\t\t\t<\/div>\n\t\t<\/section>\n\t\t\t\t<\/div>\n\t\t","protected":false},"excerpt":{"rendered":"<p>Vi mener, at b\u00e6redygtighed og ESG er strategiske emner og ikke l\u00e6ngere blot markedsf\u00f8ring. Virksomheder, der ikke forbereder sig p\u00e5 fremtidige markedsforhold, kundeadf\u00e6rd og lovgivning, risikerer at miste deres license to operate. At skabe \u00e6gte forandring \u00e5bner op for nye forretningsmuligheder, og &#8220;greenwashing&#8221; udg\u00f8r nu en reel risiko for virksomheder. P\u00e5 grund af vores unikke [&hellip;]<\/p>\n","protected":false},"author":2,"featured_media":0,"parent":0,"menu_order":7,"comment_status":"closed","ping_status":"closed","template":"","meta":{"_acf_changed":false,"footnotes":""},"categories":[25],"tags":[],"class_list":["post-6212","page","type-page","status-publish","hentry","category-ydelser"],"acf":[],"_links":{"self":[{"href":"https:\/\/tracie.io\/da\/wp-json\/wp\/v2\/pages\/6212","targetHints":{"allow":["GET"]}}],"collection":[{"href":"https:\/\/tracie.io\/da\/wp-json\/wp\/v2\/pages"}],"about":[{"href":"https:\/\/tracie.io\/da\/wp-json\/wp\/v2\/types\/page"}],"author":[{"embeddable":true,"href":"https:\/\/tracie.io\/da\/wp-json\/wp\/v2\/users\/2"}],"replies":[{"embeddable":true,"href":"https:\/\/tracie.io\/da\/wp-json\/wp\/v2\/comments?post=6212"}],"version-history":[{"count":1,"href":"https:\/\/tracie.io\/da\/wp-json\/wp\/v2\/pages\/6212\/revisions"}],"predecessor-version":[{"id":6213,"href":"https:\/\/tracie.io\/da\/wp-json\/wp\/v2\/pages\/6212\/revisions\/6213"}],"wp:attachment":[{"href":"https:\/\/tracie.io\/da\/wp-json\/wp\/v2\/media?parent=6212"}],"wp:term":[{"taxonomy":"category","embeddable":true,"href":"https:\/\/tracie.io\/da\/wp-json\/wp\/v2\/categories?post=6212"},{"taxonomy":"post_tag","embeddable":true,"href":"https:\/\/tracie.io\/da\/wp-json\/wp\/v2\/tags?post=6212"}],"curies":[{"name":"wp","href":"https:\/\/api.w.org\/{rel}","templated":true}]}}